{"id":3620,"date":"2025-09-12T10:44:51","date_gmt":"2025-09-12T10:44:51","guid":{"rendered":"https:\/\/xu-university.com\/impressum\/"},"modified":"2025-11-25T11:25:01","modified_gmt":"2025-11-25T11:25:01","slug":"impressum","status":"publish","type":"page","link":"https:\/\/xu-university.com\/de\/impressum\/","title":{"rendered":"Impressum"},"content":{"rendered":"\t\t<div data-elementor-type=\"wp-page\" data-elementor-id=\"3620\" class=\"elementor elementor-3620 elementor-622\" data-elementor-post-type=\"page\">\n\t\t\t\t<div class=\"elementor-element elementor-element-7903b8ac e-flex e-con-boxed e-con e-parent\" data-id=\"7903b8ac\" data-element_type=\"container\" data-settings=\"{&quot;background_background&quot;:&quot;classic&quot;}\">\n\t\t\t\t\t<div class=\"e-con-inner\">\n\t\t\t\t<div class=\"elementor-element elementor-element-7b29f7b1 elementor-widget elementor-widget-heading\" data-id=\"7b29f7b1\" data-element_type=\"widget\" data-widget_type=\"heading.default\">\n\t\t\t\t\t<h2 class=\"elementor-heading-title elementor-size-default\">Impressum<\/h2>\t\t\t\t<\/div>\n\t\t\t\t<div class=\"elementor-element elementor-element-1260d8cb elementor-widget elementor-widget-text-editor\" data-id=\"1260d8cb\" data-element_type=\"widget\" data-widget_type=\"text-editor.default\">\n\t\t\t\t\t\t\t\t\t<p><strong>Informationen nach \u00a7 5 TMG:<\/strong><\/p><p>XU Exponential University of Applied Sciences GmbH<\/p><p>Marlene-Dietrich-Allee 12B<br>14482 Potsdam (de)<\/p><p>Telefon: <a href=\"tel:+4933198223881\">+49 331 98 22 3881<\/a><br>E-Mail: <a href=\"mailto:hello@xu-university.com\">hello@xu-university.com<\/a><\/p><p>Yier Erin Bargeld, Prof. Dr. Stefan Stein<\/p><p>Amtsgericht Potsdam<br>Registernummer: HRB 31080 P<\/p><p>Umsatzsteuer-Identifikationsnummer: DE304974477<\/p>\t\t\t\t\t\t\t\t<\/div>\n\t\t\t\t<div class=\"elementor-element elementor-element-18ce5bd4 elementor-widget elementor-widget-text-editor\" data-id=\"18ce5bd4\" data-element_type=\"widget\" data-widget_type=\"text-editor.default\">\n\t\t\t\t\t\t\t\t\t<p><strong>Haftungsverzicht<\/strong><\/p><p><em>Haftung f\u00fcr Inhalte<\/em><br>Als Diensteanbieter sind wir gem\u00e4\u00df \u00a7 7 Abs.1 TMG f\u00fcr eigene Inhalte auf diesen Seiten nach den allgemeinen Gesetzen verantwortlich. Nach \u00a7\u00a7 8 bis 10 TMG sind wir als Diensteanbieter jedoch nicht verpflichtet, \u00fcbermittelte oder gespeicherte fremde Informationen zu \u00fcberwachen oder nach Umst\u00e4nden zu forschen, die auf eine rechtswidrige T\u00e4tigkeit hinweisen.  <\/p><p>Verpflichtungen zur Entfernung oder Sperrung der Nutzung von Informationen nach den allgemeinen Gesetzen bleiben hiervon unber\u00fchrt. Eine diesbez\u00fcgliche Haftung ist jedoch erst ab dem Zeitpunkt der Kenntnis einer konkreten Rechtsverletzung m\u00f6glich. Sobald uns solche Verst\u00f6\u00dfe bekannt werden, werden wir die Inhalte umgehend entfernen.  <\/p><p><em>Haftung f\u00fcr Links<\/em><br>Unser Angebot enth\u00e4lt Links zu externen Webseiten Dritter, auf deren Inhalte wir keinen Einfluss haben. Deshalb k\u00f6nnen wir f\u00fcr diese fremden Inhalte auch keine Gew\u00e4hr \u00fcbernehmen. F\u00fcr die Inhalte der verlinkten Seiten ist stets der jeweilige Anbieter oder Betreiber der Seiten verantwortlich. Die verlinkten Seiten wurden zum Zeitpunkt der Verlinkung auf m\u00f6gliche Rechtsverst\u00f6\u00dfe \u00fcberpr\u00fcft. Rechtswidrige Inhalte waren zum Zeitpunkt der Verlinkung nicht erkennbar. Eine permanente inhaltliche Kontrolle der verlinkten Seiten ist jedoch ohne konkrete Anhaltspunkte einer Rechtsverletzung nicht zumutbar. Bei Bekanntwerden von Rechtsverletzungen werden wir derartige Links umgehend entfernen.      <\/p><p><em>Copyright<\/em><br>Die durch die Seitenbetreiber erstellten Inhalte und Werke auf diesen Seiten unterliegen dem deutschen Urheberrecht. Die Vervielf\u00e4ltigung, Bearbeitung, Verbreitung und jede Art der Verwertung au\u00dferhalb der Grenzen des Urheberrechtes bed\u00fcrfen der schriftlichen Zustimmung des jeweiligen Autors bzw. Erstellers. Downloads und Kopien dieser Seiten sind nur f\u00fcr den privaten, nicht kommerziellen Gebrauch gestattet.  <\/p><p>Soweit die Inhalte auf dieser Seite nicht vom Betreiber erstellt wurden, werden die Urheberrechte Dritter beachtet. Insbesondere werden Inhalte von Dritten als solche gekennzeichnet. Solltest du dennoch auf eine Urheberrechtsverletzung aufmerksam werden, informiere uns bitte dar\u00fcber. Sobald wir von Rechtsverletzungen erfahren, werden wir diese Inhalte umgehend entfernen.   <\/p><p><em>Quellenangabe: <a href=\"https:\/\/www.e-recht24.de\/\">e-recht24.de<\/a><\/em><\/p>\t\t\t\t\t\t\t\t<\/div>\n\t\t\t\t\t<\/div>\n\t\t\t\t<\/div>\n\t\t\t\t<\/div>\n\t\t","protected":false},"excerpt":{"rendered":"<p>Impressum Informationen nach \u00a7 5 TMG: XU Exponential University of Applied Sciences GmbH Marlene-Dietrich-Allee 12B14482 Potsdam (de) Telefon: +49 331 [&hellip;]<\/p>\n","protected":false},"author":2,"featured_media":0,"parent":0,"menu_order":22,"comment_status":"closed","ping_status":"closed","template":"","meta":{"site-sidebar-layout":"no-sidebar","site-content-layout":"","ast-site-content-layout":"full-width-container","site-content-style":"default","site-sidebar-style":"default","ast-global-header-display":"","ast-banner-title-visibility":"","ast-main-header-display":"","ast-hfb-above-header-display":"","ast-hfb-below-header-display":"","ast-hfb-mobile-header-display":"","site-post-title":"disabled","ast-breadcrumbs-content":"","ast-featured-img":"disabled","footer-sml-layout":"","theme-transparent-header-meta":"","adv-header-id-meta":"","stick-header-meta":"","header-above-stick-meta":"","header-main-stick-meta":"","header-below-stick-meta":"","astra-migrate-meta-layouts":"default","ast-page-background-enabled":"default","ast-page-background-meta":{"desktop":{"background-color":"var(--ast-global-color-5)","background-image":"","background-repeat":"repeat","background-position":"center center","background-size":"auto","background-attachment":"scroll","background-type":"","background-media":"","overlay-type":"","overlay-color":"","overlay-opacity":"","overlay-gradient":""},"tablet":{"background-color":"","background-image":"","background-repeat":"repeat","background-position":"center center","background-size":"auto","background-attachment":"scroll","background-type":"","background-media":"","overlay-type":"","overlay-color":"","overlay-opacity":"","overlay-gradient":""},"mobile":{"background-color":"","background-image":"","background-repeat":"repeat","background-position":"center center","background-size":"auto","background-attachment":"scroll","background-type":"","background-media":"","overlay-type":"","overlay-color":"","overlay-opacity":"","overlay-gradient":""}},"ast-content-background-meta":{"desktop":{"background-color":"var(--ast-global-color-4)","background-image":"","background-repeat":"repeat","background-position":"center center","background-size":"auto","background-attachment":"scroll","background-type":"","background-media":"","overlay-type":"","overlay-color":"","overlay-opacity":"","overlay-gradient":""},"tablet":{"background-color":"var(--ast-global-color-4)","background-image":"","background-repeat":"repeat","background-position":"center center","background-size":"auto","background-attachment":"scroll","background-type":"","background-media":"","overlay-type":"","overlay-color":"","overlay-opacity":"","overlay-gradient":""},"mobile":{"background-color":"var(--ast-global-color-4)","background-image":"","background-repeat":"repeat","background-position":"center center","background-size":"auto","background-attachment":"scroll","background-type":"","background-media":"","overlay-type":"","overlay-color":"","overlay-opacity":"","overlay-gradient":""}},"footnotes":""},"class_list":["post-3620","page","type-page","status-publish","hentry"],"yoast_head":"<!-- This site is optimized with the Yoast SEO plugin v26.4 - https:\/\/yoast.com\/wordpress\/plugins\/seo\/ -->\n<title>Impressum | XU Exponential University of Applied Sciences<\/title>\n<meta name=\"robots\" content=\"index, follow, max-snippet:-1, max-image-preview:large, max-video-preview:-1\" \/>\n<link rel=\"canonical\" href=\"https:\/\/xu-university.com\/de\/impressum\/\" \/>\n<meta property=\"og:locale\" content=\"de_DE\" \/>\n<meta property=\"og:type\" content=\"article\" \/>\n<meta property=\"og:title\" content=\"Impressum | XU Exponential University of Applied Sciences\" \/>\n<meta property=\"og:description\" content=\"Impressum Informationen nach \u00a7 5 TMG: XU Exponential University of Applied Sciences GmbH Marlene-Dietrich-Allee 12B14482 Potsdam (de) Telefon: +49 331 [&hellip;]\" \/>\n<meta property=\"og:url\" content=\"https:\/\/xu-university.com\/de\/impressum\/\" \/>\n<meta property=\"og:site_name\" content=\"XU Exponential University of Applied Sciences\" \/>\n<meta property=\"article:modified_time\" content=\"2025-11-25T11:25:01+00:00\" \/>\n<meta property=\"og:image\" content=\"https:\/\/xu-university.com\/wp-content\/uploads\/2025\/09\/XU-Exponential-University-of-applied-science-header-startseite.jpg\" \/>\n\t<meta property=\"og:image:width\" content=\"1910\" \/>\n\t<meta property=\"og:image:height\" content=\"620\" \/>\n\t<meta property=\"og:image:type\" content=\"image\/jpeg\" \/>\n<meta name=\"twitter:card\" content=\"summary_large_image\" \/>\n<meta name=\"twitter:label1\" content=\"Gesch\u00e4tzte Lesezeit\" \/>\n\t<meta name=\"twitter:data1\" content=\"2\u00a0Minuten\" \/>\n<script type=\"application\/ld+json\" class=\"yoast-schema-graph\">{\"@context\":\"https:\/\/schema.org\",\"@graph\":[{\"@type\":\"WebPage\",\"@id\":\"https:\/\/xu-university.com\/de\/impressum\/\",\"url\":\"https:\/\/xu-university.com\/de\/impressum\/\",\"name\":\"Impressum | XU Exponential University of Applied Sciences\",\"isPartOf\":{\"@id\":\"https:\/\/xu-university.com\/de\/#website\"},\"datePublished\":\"2025-09-12T10:44:51+00:00\",\"dateModified\":\"2025-11-25T11:25:01+00:00\",\"breadcrumb\":{\"@id\":\"https:\/\/xu-university.com\/de\/impressum\/#breadcrumb\"},\"inLanguage\":\"de\",\"potentialAction\":[{\"@type\":\"ReadAction\",\"target\":[\"https:\/\/xu-university.com\/de\/impressum\/\"]}]},{\"@type\":\"BreadcrumbList\",\"@id\":\"https:\/\/xu-university.com\/de\/impressum\/#breadcrumb\",\"itemListElement\":[{\"@type\":\"ListItem\",\"position\":1,\"name\":\"Home\",\"item\":\"https:\/\/xu-university.com\/de\/startseite\/\"},{\"@type\":\"ListItem\",\"position\":2,\"name\":\"Impressum\"}]},{\"@type\":\"WebSite\",\"@id\":\"https:\/\/xu-university.com\/de\/#website\",\"url\":\"https:\/\/xu-university.com\/de\/\",\"name\":\"xu-university.com\",\"description\":\"state-recognized private university focusing on digitalization, technology &amp; innovation.\",\"publisher\":{\"@id\":\"https:\/\/xu-university.com\/de\/#organization\"},\"alternateName\":\"XU Exponential University Potsdam\",\"potentialAction\":[{\"@type\":\"SearchAction\",\"target\":{\"@type\":\"EntryPoint\",\"urlTemplate\":\"https:\/\/xu-university.com\/de\/?s={search_term_string}\"},\"query-input\":{\"@type\":\"PropertyValueSpecification\",\"valueRequired\":true,\"valueName\":\"search_term_string\"}}],\"inLanguage\":\"de\"},{\"@type\":\"Organization\",\"@id\":\"https:\/\/xu-university.com\/de\/#organization\",\"name\":\"XU Exponential University of Applied Sciences GmbH\",\"alternateName\":\"state-recognized private university focusing on digitalization, technology & innovation.\",\"url\":\"https:\/\/xu-university.com\/de\/\",\"logo\":{\"@type\":\"ImageObject\",\"inLanguage\":\"de\",\"@id\":\"https:\/\/xu-university.com\/de\/#\/schema\/logo\/image\/\",\"url\":\"https:\/\/xu-university.com\/wp-content\/uploads\/2025\/09\/xu-favicon.jpg\",\"contentUrl\":\"https:\/\/xu-university.com\/wp-content\/uploads\/2025\/09\/xu-favicon.jpg\",\"width\":512,\"height\":511,\"caption\":\"XU Exponential University of Applied Sciences GmbH\"},\"image\":{\"@id\":\"https:\/\/xu-university.com\/de\/#\/schema\/logo\/image\/\"},\"sameAs\":[\"https:\/\/www.linkedin.com\/school\/xu-university\/\",\"https:\/\/www.youtube.com\/@xuexponentialuniversityofa8789\",\"https:\/\/www.tiktok.com\/@xu_uni\",\"https:\/\/www.instagram.com\/xu_university\/\"]}]}<\/script>\n<!-- \/ Yoast SEO plugin. -->","yoast_head_json":{"title":"Impressum | XU Exponential University of Applied Sciences","robots":{"index":"index","follow":"follow","max-snippet":"max-snippet:-1","max-image-preview":"max-image-preview:large","max-video-preview":"max-video-preview:-1"},"canonical":"https:\/\/xu-university.com\/de\/impressum\/","og_locale":"de_DE","og_type":"article","og_title":"Impressum | XU Exponential University of Applied Sciences","og_description":"Impressum Informationen nach \u00a7 5 TMG: XU Exponential University of Applied Sciences GmbH Marlene-Dietrich-Allee 12B14482 Potsdam (de) Telefon: +49 331 [&hellip;]","og_url":"https:\/\/xu-university.com\/de\/impressum\/","og_site_name":"XU Exponential University of Applied Sciences","article_modified_time":"2025-11-25T11:25:01+00:00","og_image":[{"width":1910,"height":620,"url":"https:\/\/xu-university.com\/wp-content\/uploads\/2025\/09\/XU-Exponential-University-of-applied-science-header-startseite.jpg","type":"image\/jpeg"}],"twitter_card":"summary_large_image","twitter_misc":{"Gesch\u00e4tzte Lesezeit":"2\u00a0Minuten"},"schema":{"@context":"https:\/\/schema.org","@graph":[{"@type":"WebPage","@id":"https:\/\/xu-university.com\/de\/impressum\/","url":"https:\/\/xu-university.com\/de\/impressum\/","name":"Impressum | XU Exponential University of Applied Sciences","isPartOf":{"@id":"https:\/\/xu-university.com\/de\/#website"},"datePublished":"2025-09-12T10:44:51+00:00","dateModified":"2025-11-25T11:25:01+00:00","breadcrumb":{"@id":"https:\/\/xu-university.com\/de\/impressum\/#breadcrumb"},"inLanguage":"de","potentialAction":[{"@type":"ReadAction","target":["https:\/\/xu-university.com\/de\/impressum\/"]}]},{"@type":"BreadcrumbList","@id":"https:\/\/xu-university.com\/de\/impressum\/#breadcrumb","itemListElement":[{"@type":"ListItem","position":1,"name":"Home","item":"https:\/\/xu-university.com\/de\/startseite\/"},{"@type":"ListItem","position":2,"name":"Impressum"}]},{"@type":"WebSite","@id":"https:\/\/xu-university.com\/de\/#website","url":"https:\/\/xu-university.com\/de\/","name":"xu-university.com","description":"state-recognized private university focusing on digitalization, technology &amp; innovation.","publisher":{"@id":"https:\/\/xu-university.com\/de\/#organization"},"alternateName":"XU Exponential University Potsdam","potentialAction":[{"@type":"SearchAction","target":{"@type":"EntryPoint","urlTemplate":"https:\/\/xu-university.com\/de\/?s={search_term_string}"},"query-input":{"@type":"PropertyValueSpecification","valueRequired":true,"valueName":"search_term_string"}}],"inLanguage":"de"},{"@type":"Organization","@id":"https:\/\/xu-university.com\/de\/#organization","name":"XU Exponential University of Applied Sciences GmbH","alternateName":"state-recognized private university focusing on digitalization, technology & innovation.","url":"https:\/\/xu-university.com\/de\/","logo":{"@type":"ImageObject","inLanguage":"de","@id":"https:\/\/xu-university.com\/de\/#\/schema\/logo\/image\/","url":"https:\/\/xu-university.com\/wp-content\/uploads\/2025\/09\/xu-favicon.jpg","contentUrl":"https:\/\/xu-university.com\/wp-content\/uploads\/2025\/09\/xu-favicon.jpg","width":512,"height":511,"caption":"XU Exponential University of Applied Sciences GmbH"},"image":{"@id":"https:\/\/xu-university.com\/de\/#\/schema\/logo\/image\/"},"sameAs":["https:\/\/www.linkedin.com\/school\/xu-university\/","https:\/\/www.youtube.com\/@xuexponentialuniversityofa8789","https:\/\/www.tiktok.com\/@xu_uni","https:\/\/www.instagram.com\/xu_university\/"]}]}},"_links":{"self":[{"href":"https:\/\/xu-university.com\/de\/wp-json\/wp\/v2\/pages\/3620","targetHints":{"allow":["GET"]}}],"collection":[{"href":"https:\/\/xu-university.com\/de\/wp-json\/wp\/v2\/pages"}],"about":[{"href":"https:\/\/xu-university.com\/de\/wp-json\/wp\/v2\/types\/page"}],"author":[{"embeddable":true,"href":"https:\/\/xu-university.com\/de\/wp-json\/wp\/v2\/users\/2"}],"replies":[{"embeddable":true,"href":"https:\/\/xu-university.com\/de\/wp-json\/wp\/v2\/comments?post=3620"}],"version-history":[{"count":2,"href":"https:\/\/xu-university.com\/de\/wp-json\/wp\/v2\/pages\/3620\/revisions"}],"predecessor-version":[{"id":4571,"href":"https:\/\/xu-university.com\/de\/wp-json\/wp\/v2\/pages\/3620\/revisions\/4571"}],"wp:attachment":[{"href":"https:\/\/xu-university.com\/de\/wp-json\/wp\/v2\/media?parent=3620"}],"curies":[{"name":"wp","href":"https:\/\/api.w.org\/{rel}","templated":true}]}}