{"id":3517,"date":"2025-09-25T07:55:50","date_gmt":"2025-09-25T07:55:50","guid":{"rendered":"https:\/\/xu-university.com\/antragsformular\/"},"modified":"2025-10-16T12:27:15","modified_gmt":"2025-10-16T12:27:15","slug":"antragsformular","status":"publish","type":"page","link":"https:\/\/xu-university.com\/de\/antragsformular\/","title":{"rendered":"Antragsformular"},"content":{"rendered":"\t\t<div data-elementor-type=\"wp-page\" data-elementor-id=\"3517\" class=\"elementor elementor-3517 elementor-3122\" data-elementor-post-type=\"page\">\n\t\t\t\t<div class=\"elementor-element elementor-element-7903b8ac e-flex e-con-boxed e-con e-parent\" data-id=\"7903b8ac\" data-element_type=\"container\" data-settings=\"{&quot;background_background&quot;:&quot;classic&quot;}\">\n\t\t\t\t\t<div class=\"e-con-inner\">\n\t\t\t\t<div class=\"elementor-element elementor-element-7b29f7b1 elementor-widget elementor-widget-heading\" data-id=\"7b29f7b1\" data-element_type=\"widget\" data-widget_type=\"heading.default\">\n\t\t\t\t\t<h2 class=\"elementor-heading-title elementor-size-default\">Jetzt starten!\n\n<\/h2>\t\t\t\t<\/div>\n\t\t\t\t<div class=\"elementor-element elementor-element-ad4b534 elementor-widget elementor-widget-text-editor\" data-id=\"ad4b534\" data-element_type=\"widget\" data-widget_type=\"text-editor.default\">\n\t\t\t\t\t\t\t\t\t<p>Deine Daten sind bei uns sicher. Die Informationen, die du im Bewerbungsformular angibst, werden ausschlie\u00dflich zur Bearbeitung deiner Anfrage verwendet und nicht an Dritte weitergegeben. Wir behandeln alle Daten in \u00dcbereinstimmung mit den geltenden Datenschutzbestimmungen streng vertraulich.  <\/p>\t\t\t\t\t\t\t\t<\/div>\n\t\t\t\t<div class=\"elementor-element elementor-element-b129961 elementor-widget elementor-widget-text-editor\" data-id=\"b129961\" data-element_type=\"widget\" data-widget_type=\"text-editor.default\">\n\t\t\t\t\t\t\t\t\t<script charset=\"utf-8\" type=\"text\/javascript\" src=\"\/\/js-eu1.hsforms.net\/forms\/embed\/v2.js\"><\/script>\n<script>\n  hbspt.forms.create({\n    portalId: \"26750985\",\n    formId: \"36bf906c-fe69-4309-850c-849fc4a27502\",\n    region: \"eu1\"\n  });\n<\/script>\t\t\t\t\t\t\t\t<\/div>\n\t\t\t\t\t<\/div>\n\t\t\t\t<\/div>\n\t\t\t\t<\/div>\n\t\t","protected":false},"excerpt":{"rendered":"<p>Jetzt starten! Deine Daten sind bei uns sicher. Die Informationen, die du im Bewerbungsformular angibst, werden ausschlie\u00dflich zur Bearbeitung deiner [&hellip;]<\/p>\n","protected":false},"author":2,"featured_media":3518,"parent":0,"menu_order":30,"comment_status":"closed","ping_status":"closed","template":"","meta":{"site-sidebar-layout":"no-sidebar","site-content-layout":"","ast-site-content-layout":"full-width-container","site-content-style":"default","site-sidebar-style":"default","ast-global-header-display":"","ast-banner-title-visibility":"","ast-main-header-display":"","ast-hfb-above-header-display":"","ast-hfb-below-header-display":"","ast-hfb-mobile-header-display":"","site-post-title":"disabled","ast-breadcrumbs-content":"","ast-featured-img":"disabled","footer-sml-layout":"","theme-transparent-header-meta":"","adv-header-id-meta":"","stick-header-meta":"","header-above-stick-meta":"","header-main-stick-meta":"","header-below-stick-meta":"","astra-migrate-meta-layouts":"default","ast-page-background-enabled":"default","ast-page-background-meta":{"desktop":{"background-color":"var(--ast-global-color-5)","background-image":"","background-repeat":"repeat","background-position":"center center","background-size":"auto","background-attachment":"scroll","background-type":"","background-media":"","overlay-type":"","overlay-color":"","overlay-opacity":"","overlay-gradient":""},"tablet":{"background-color":"","background-image":"","background-repeat":"repeat","background-position":"center center","background-size":"auto","background-attachment":"scroll","background-type":"","background-media":"","overlay-type":"","overlay-color":"","overlay-opacity":"","overlay-gradient":""},"mobile":{"background-color":"","background-image":"","background-repeat":"repeat","background-position":"center center","background-size":"auto","background-attachment":"scroll","background-type":"","background-media":"","overlay-type":"","overlay-color":"","overlay-opacity":"","overlay-gradient":""}},"ast-content-background-meta":{"desktop":{"background-color":"var(--ast-global-color-4)","background-image":"","background-repeat":"repeat","background-position":"center center","background-size":"auto","background-attachment":"scroll","background-type":"","background-media":"","overlay-type":"","overlay-color":"","overlay-opacity":"","overlay-gradient":""},"tablet":{"background-color":"var(--ast-global-color-4)","background-image":"","background-repeat":"repeat","background-position":"center center","background-size":"auto","background-attachment":"scroll","background-type":"","background-media":"","overlay-type":"","overlay-color":"","overlay-opacity":"","overlay-gradient":""},"mobile":{"background-color":"var(--ast-global-color-4)","background-image":"","background-repeat":"repeat","background-position":"center center","background-size":"auto","background-attachment":"scroll","background-type":"","background-media":"","overlay-type":"","overlay-color":"","overlay-opacity":"","overlay-gradient":""}},"footnotes":""},"class_list":["post-3517","page","type-page","status-publish","has-post-thumbnail","hentry"],"yoast_head":"<!-- This site is optimized with the Yoast SEO plugin v26.4 - https:\/\/yoast.com\/wordpress\/plugins\/seo\/ -->\n<title>Bewirb dich hier f\u00fcr dein Studium | XU Exponential University of Applied Sciences<\/title>\n<meta name=\"description\" content=\"Bewirb dich hier vertrauensvoll f\u00fcr dein Studium. Wir sch\u00fctzen deine Daten und deine Vertraulichkeit w\u00e4hrend des gesamten Bewerbungsprozesses.\" \/>\n<meta name=\"robots\" content=\"index, follow, max-snippet:-1, max-image-preview:large, max-video-preview:-1\" \/>\n<link rel=\"canonical\" href=\"https:\/\/xu-university.com\/de\/antragsformular\/\" \/>\n<meta property=\"og:locale\" content=\"de_DE\" \/>\n<meta property=\"og:type\" content=\"article\" \/>\n<meta property=\"og:title\" content=\"Bewirb dich hier f\u00fcr dein Studium | XU Exponential University of Applied Sciences\" \/>\n<meta property=\"og:description\" content=\"Bewirb dich hier vertrauensvoll f\u00fcr dein Studium. Wir sch\u00fctzen deine Daten und deine Vertraulichkeit w\u00e4hrend des gesamten Bewerbungsprozesses.\" \/>\n<meta property=\"og:url\" content=\"https:\/\/xu-university.com\/de\/antragsformular\/\" \/>\n<meta property=\"og:site_name\" content=\"XU Exponential University of Applied Sciences\" \/>\n<meta property=\"article:modified_time\" content=\"2025-10-16T12:27:15+00:00\" \/>\n<meta property=\"og:image\" content=\"https:\/\/xu-university.com\/wp-content\/uploads\/2025\/09\/XU-Potsdam-future-job-opportunities-students-in-front-of-school.jpg\" \/>\n\t<meta property=\"og:image:width\" content=\"1200\" \/>\n\t<meta property=\"og:image:height\" content=\"675\" \/>\n\t<meta property=\"og:image:type\" content=\"image\/jpeg\" \/>\n<meta name=\"twitter:card\" content=\"summary_large_image\" \/>\n<meta name=\"twitter:label1\" content=\"Gesch\u00e4tzte Lesezeit\" \/>\n\t<meta name=\"twitter:data1\" content=\"1\u00a0Minute\" \/>\n<script type=\"application\/ld+json\" class=\"yoast-schema-graph\">{\"@context\":\"https:\/\/schema.org\",\"@graph\":[{\"@type\":\"WebPage\",\"@id\":\"https:\/\/xu-university.com\/de\/antragsformular\/\",\"url\":\"https:\/\/xu-university.com\/de\/antragsformular\/\",\"name\":\"Bewirb dich hier f\u00fcr dein Studium | XU Exponential University of Applied Sciences\",\"isPartOf\":{\"@id\":\"https:\/\/xu-university.com\/de\/#website\"},\"primaryImageOfPage\":{\"@id\":\"https:\/\/xu-university.com\/de\/antragsformular\/#primaryimage\"},\"image\":{\"@id\":\"https:\/\/xu-university.com\/de\/antragsformular\/#primaryimage\"},\"thumbnailUrl\":\"https:\/\/xu-university.com\/wp-content\/uploads\/2025\/09\/XU-Potsdam-future-job-opportunities-students-in-front-of-school.jpg\",\"datePublished\":\"2025-09-25T07:55:50+00:00\",\"dateModified\":\"2025-10-16T12:27:15+00:00\",\"description\":\"Bewirb dich hier vertrauensvoll f\u00fcr dein Studium. Wir sch\u00fctzen deine Daten und deine Vertraulichkeit w\u00e4hrend des gesamten Bewerbungsprozesses.\",\"breadcrumb\":{\"@id\":\"https:\/\/xu-university.com\/de\/antragsformular\/#breadcrumb\"},\"inLanguage\":\"de\",\"potentialAction\":[{\"@type\":\"ReadAction\",\"target\":[\"https:\/\/xu-university.com\/de\/antragsformular\/\"]}]},{\"@type\":\"ImageObject\",\"inLanguage\":\"de\",\"@id\":\"https:\/\/xu-university.com\/de\/antragsformular\/#primaryimage\",\"url\":\"https:\/\/xu-university.com\/wp-content\/uploads\/2025\/09\/XU-Potsdam-future-job-opportunities-students-in-front-of-school.jpg\",\"contentUrl\":\"https:\/\/xu-university.com\/wp-content\/uploads\/2025\/09\/XU-Potsdam-future-job-opportunities-students-in-front-of-school.jpg\",\"width\":1200,\"height\":675},{\"@type\":\"BreadcrumbList\",\"@id\":\"https:\/\/xu-university.com\/de\/antragsformular\/#breadcrumb\",\"itemListElement\":[{\"@type\":\"ListItem\",\"position\":1,\"name\":\"Home\",\"item\":\"https:\/\/xu-university.com\/de\/startseite\/\"},{\"@type\":\"ListItem\",\"position\":2,\"name\":\"Antragsformular\"}]},{\"@type\":\"WebSite\",\"@id\":\"https:\/\/xu-university.com\/de\/#website\",\"url\":\"https:\/\/xu-university.com\/de\/\",\"name\":\"xu-university.com\",\"description\":\"state-recognized private university focusing on digitalization, technology &amp; innovation.\",\"publisher\":{\"@id\":\"https:\/\/xu-university.com\/de\/#organization\"},\"alternateName\":\"XU Exponential University Potsdam\",\"potentialAction\":[{\"@type\":\"SearchAction\",\"target\":{\"@type\":\"EntryPoint\",\"urlTemplate\":\"https:\/\/xu-university.com\/de\/?s={search_term_string}\"},\"query-input\":{\"@type\":\"PropertyValueSpecification\",\"valueRequired\":true,\"valueName\":\"search_term_string\"}}],\"inLanguage\":\"de\"},{\"@type\":\"Organization\",\"@id\":\"https:\/\/xu-university.com\/de\/#organization\",\"name\":\"XU Exponential University of Applied Sciences GmbH\",\"alternateName\":\"state-recognized private university focusing on digitalization, technology & innovation.\",\"url\":\"https:\/\/xu-university.com\/de\/\",\"logo\":{\"@type\":\"ImageObject\",\"inLanguage\":\"de\",\"@id\":\"https:\/\/xu-university.com\/de\/#\/schema\/logo\/image\/\",\"url\":\"https:\/\/xu-university.com\/wp-content\/uploads\/2025\/09\/xu-favicon.jpg\",\"contentUrl\":\"https:\/\/xu-university.com\/wp-content\/uploads\/2025\/09\/xu-favicon.jpg\",\"width\":512,\"height\":511,\"caption\":\"XU Exponential University of Applied Sciences GmbH\"},\"image\":{\"@id\":\"https:\/\/xu-university.com\/de\/#\/schema\/logo\/image\/\"},\"sameAs\":[\"https:\/\/www.linkedin.com\/school\/xu-university\/\",\"https:\/\/www.youtube.com\/@xuexponentialuniversityofa8789\",\"https:\/\/www.tiktok.com\/@xu_uni\",\"https:\/\/www.instagram.com\/xu_university\/\"]}]}<\/script>\n<!-- \/ Yoast SEO plugin. -->","yoast_head_json":{"title":"Bewirb dich hier f\u00fcr dein Studium | XU Exponential University of Applied Sciences","description":"Bewirb dich hier vertrauensvoll f\u00fcr dein Studium. Wir sch\u00fctzen deine Daten und deine Vertraulichkeit w\u00e4hrend des gesamten Bewerbungsprozesses.","robots":{"index":"index","follow":"follow","max-snippet":"max-snippet:-1","max-image-preview":"max-image-preview:large","max-video-preview":"max-video-preview:-1"},"canonical":"https:\/\/xu-university.com\/de\/antragsformular\/","og_locale":"de_DE","og_type":"article","og_title":"Bewirb dich hier f\u00fcr dein Studium | XU Exponential University of Applied Sciences","og_description":"Bewirb dich hier vertrauensvoll f\u00fcr dein Studium. Wir sch\u00fctzen deine Daten und deine Vertraulichkeit w\u00e4hrend des gesamten Bewerbungsprozesses.","og_url":"https:\/\/xu-university.com\/de\/antragsformular\/","og_site_name":"XU Exponential University of Applied Sciences","article_modified_time":"2025-10-16T12:27:15+00:00","og_image":[{"width":1200,"height":675,"url":"https:\/\/xu-university.com\/wp-content\/uploads\/2025\/09\/XU-Potsdam-future-job-opportunities-students-in-front-of-school.jpg","type":"image\/jpeg"}],"twitter_card":"summary_large_image","twitter_misc":{"Gesch\u00e4tzte Lesezeit":"1\u00a0Minute"},"schema":{"@context":"https:\/\/schema.org","@graph":[{"@type":"WebPage","@id":"https:\/\/xu-university.com\/de\/antragsformular\/","url":"https:\/\/xu-university.com\/de\/antragsformular\/","name":"Bewirb dich hier f\u00fcr dein Studium | XU Exponential University of Applied Sciences","isPartOf":{"@id":"https:\/\/xu-university.com\/de\/#website"},"primaryImageOfPage":{"@id":"https:\/\/xu-university.com\/de\/antragsformular\/#primaryimage"},"image":{"@id":"https:\/\/xu-university.com\/de\/antragsformular\/#primaryimage"},"thumbnailUrl":"https:\/\/xu-university.com\/wp-content\/uploads\/2025\/09\/XU-Potsdam-future-job-opportunities-students-in-front-of-school.jpg","datePublished":"2025-09-25T07:55:50+00:00","dateModified":"2025-10-16T12:27:15+00:00","description":"Bewirb dich hier vertrauensvoll f\u00fcr dein Studium. Wir sch\u00fctzen deine Daten und deine Vertraulichkeit w\u00e4hrend des gesamten Bewerbungsprozesses.","breadcrumb":{"@id":"https:\/\/xu-university.com\/de\/antragsformular\/#breadcrumb"},"inLanguage":"de","potentialAction":[{"@type":"ReadAction","target":["https:\/\/xu-university.com\/de\/antragsformular\/"]}]},{"@type":"ImageObject","inLanguage":"de","@id":"https:\/\/xu-university.com\/de\/antragsformular\/#primaryimage","url":"https:\/\/xu-university.com\/wp-content\/uploads\/2025\/09\/XU-Potsdam-future-job-opportunities-students-in-front-of-school.jpg","contentUrl":"https:\/\/xu-university.com\/wp-content\/uploads\/2025\/09\/XU-Potsdam-future-job-opportunities-students-in-front-of-school.jpg","width":1200,"height":675},{"@type":"BreadcrumbList","@id":"https:\/\/xu-university.com\/de\/antragsformular\/#breadcrumb","itemListElement":[{"@type":"ListItem","position":1,"name":"Home","item":"https:\/\/xu-university.com\/de\/startseite\/"},{"@type":"ListItem","position":2,"name":"Antragsformular"}]},{"@type":"WebSite","@id":"https:\/\/xu-university.com\/de\/#website","url":"https:\/\/xu-university.com\/de\/","name":"xu-university.com","description":"state-recognized private university focusing on digitalization, technology &amp; innovation.","publisher":{"@id":"https:\/\/xu-university.com\/de\/#organization"},"alternateName":"XU Exponential University Potsdam","potentialAction":[{"@type":"SearchAction","target":{"@type":"EntryPoint","urlTemplate":"https:\/\/xu-university.com\/de\/?s={search_term_string}"},"query-input":{"@type":"PropertyValueSpecification","valueRequired":true,"valueName":"search_term_string"}}],"inLanguage":"de"},{"@type":"Organization","@id":"https:\/\/xu-university.com\/de\/#organization","name":"XU Exponential University of Applied Sciences GmbH","alternateName":"state-recognized private university focusing on digitalization, technology & innovation.","url":"https:\/\/xu-university.com\/de\/","logo":{"@type":"ImageObject","inLanguage":"de","@id":"https:\/\/xu-university.com\/de\/#\/schema\/logo\/image\/","url":"https:\/\/xu-university.com\/wp-content\/uploads\/2025\/09\/xu-favicon.jpg","contentUrl":"https:\/\/xu-university.com\/wp-content\/uploads\/2025\/09\/xu-favicon.jpg","width":512,"height":511,"caption":"XU Exponential University of Applied Sciences GmbH"},"image":{"@id":"https:\/\/xu-university.com\/de\/#\/schema\/logo\/image\/"},"sameAs":["https:\/\/www.linkedin.com\/school\/xu-university\/","https:\/\/www.youtube.com\/@xuexponentialuniversityofa8789","https:\/\/www.tiktok.com\/@xu_uni","https:\/\/www.instagram.com\/xu_university\/"]}]}},"_links":{"self":[{"href":"https:\/\/xu-university.com\/de\/wp-json\/wp\/v2\/pages\/3517","targetHints":{"allow":["GET"]}}],"collection":[{"href":"https:\/\/xu-university.com\/de\/wp-json\/wp\/v2\/pages"}],"about":[{"href":"https:\/\/xu-university.com\/de\/wp-json\/wp\/v2\/types\/page"}],"author":[{"embeddable":true,"href":"https:\/\/xu-university.com\/de\/wp-json\/wp\/v2\/users\/2"}],"replies":[{"embeddable":true,"href":"https:\/\/xu-university.com\/de\/wp-json\/wp\/v2\/comments?post=3517"}],"version-history":[{"count":6,"href":"https:\/\/xu-university.com\/de\/wp-json\/wp\/v2\/pages\/3517\/revisions"}],"predecessor-version":[{"id":4409,"href":"https:\/\/xu-university.com\/de\/wp-json\/wp\/v2\/pages\/3517\/revisions\/4409"}],"wp:featuredmedia":[{"embeddable":true,"href":"https:\/\/xu-university.com\/de\/wp-json\/wp\/v2\/media\/3518"}],"wp:attachment":[{"href":"https:\/\/xu-university.com\/de\/wp-json\/wp\/v2\/media?parent=3517"}],"curies":[{"name":"wp","href":"https:\/\/api.w.org\/{rel}","templated":true}]}}